{"id":542,"date":"2016-04-12T16:19:09","date_gmt":"2016-04-12T16:19:09","guid":{"rendered":"http:\/\/marcosmesa.com\/?page_id=542"},"modified":"2016-08-14T17:32:39","modified_gmt":"2016-08-14T17:32:39","slug":"munecos-y-esculturas","status":"publish","type":"page","link":"http:\/\/marcosmesa.com\/ca\/munecos-y-esculturas\/","title":{"rendered":"(Espa\u00f1ol) Mu\u00f1ecos y esculturas"},"content":{"rendered":"<p class=\"qtranxs-available-languages-message qtranxs-available-languages-message-ca\">Ho sentim, aquesta entrada es troba disponible \u00fanicament en <a href=\"http:\/\/marcosmesa.com\/es\/wp-json\/wp\/v2\/pages\/542\" class=\"qtranxs-available-language-link qtranxs-available-language-link-es\" title=\"Espa\u00f1ol\">Espanyol Europeu<\/a> i <a href=\"http:\/\/marcosmesa.com\/en\/wp-json\/wp\/v2\/pages\/542\" class=\"qtranxs-available-language-link qtranxs-available-language-link-en\" title=\"English\">Angl\u00e8s Americ\u00e0<\/a>.<\/p>","protected":false},"excerpt":{"rendered":"<p>Ho sentim, aquesta entrada es troba disponible \u00fanicament en Espanyol Europeu i Angl\u00e8s Americ\u00e0.<\/p>\n","protected":false},"author":1,"featured_media":0,"parent":0,"menu_order":0,"comment_status":"closed","ping_status":"closed","template":"","meta":[],"_links":{"self":[{"href":"http:\/\/marcosmesa.com\/ca\/wp-json\/wp\/v2\/pages\/542"}],"collection":[{"href":"http:\/\/marcosmesa.com\/ca\/wp-json\/wp\/v2\/pages"}],"about":[{"href":"http:\/\/marcosmesa.com\/ca\/wp-json\/wp\/v2\/types\/page"}],"author":[{"embeddable":true,"href":"http:\/\/marcosmesa.com\/ca\/wp-json\/wp\/v2\/users\/1"}],"replies":[{"embeddable":true,"href":"http:\/\/marcosmesa.com\/ca\/wp-json\/wp\/v2\/comments?post=542"}],"version-history":[{"count":7,"href":"http:\/\/marcosmesa.com\/ca\/wp-json\/wp\/v2\/pages\/542\/revisions"}],"predecessor-version":[{"id":798,"href":"http:\/\/marcosmesa.com\/ca\/wp-json\/wp\/v2\/pages\/542\/revisions\/798"}],"wp:attachment":[{"href":"http:\/\/marcosmesa.com\/ca\/wp-json\/wp\/v2\/media?parent=542"}],"curies":[{"name":"wp","href":"https:\/\/api.w.org\/{rel}","templated":true}]}}