{"id":602,"date":"2016-04-12T17:51:09","date_gmt":"2016-04-12T17:51:09","guid":{"rendered":"http:\/\/marcosmesa.com\/?page_id=602"},"modified":"2016-10-19T16:26:03","modified_gmt":"2016-10-19T16:26:03","slug":"disco-ingenieria-canaveral","status":"publish","type":"page","link":"http:\/\/marcosmesa.com\/ca\/disco-ingenieria-canaveral\/","title":{"rendered":"Disc Ingenier\u00eda Ca\u00f1averal &#8211; Entertainiment"},"content":{"rendered":"<p><\/p>\n<div>\n<p>Projecte de disseny\u00a0i\u00a0Il\u00b7lustraci\u00f3 del disc del grup musical Entertainiment INGENIER\u00cdA CA\u00d1AVERAL. \u00a0\u00a0<a href=\"http:\/\/www.entertainiment.net\/\" target=\"_blank\">P\u00e1gina de Entertainiment<\/a><\/p>\n<div id=\"attachment_608\" style=\"width: 710px\" class=\"wp-caption alignnone\"><a href=\"http:\/\/marcosmesa.com\/wp-content\/uploads\/2016\/04\/disco_ca\u00f1averal-1.jpg\" rel=\"attachment wp-att-608\"><img aria-describedby=\"caption-attachment-608\" decoding=\"async\" loading=\"lazy\" class=\"wp-image-608 size-full\" src=\"http:\/\/marcosmesa.com\/wp-content\/uploads\/2016\/04\/disco_ca\u00f1averal-1.jpg\" alt=\"disco_ca\u00f1averal\" width=\"700\" height=\"354\" srcset=\"http:\/\/marcosmesa.com\/wp-content\/uploads\/2016\/04\/disco_ca\u00f1averal-1.jpg 700w, http:\/\/marcosmesa.com\/wp-content\/uploads\/2016\/04\/disco_ca\u00f1averal-1-300x152.jpg 300w\" sizes=\"(max-width: 700px) 100vw, 700px\" \/><\/a><p id=\"caption-attachment-608\" class=\"wp-caption-text\">Dise\u00f1os e ilustraciones para el disco<\/p><\/div>\n<div id=\"attachment_611\" style=\"width: 610px\" class=\"wp-caption alignnone\"><a href=\"http:\/\/marcosmesa.com\/wp-content\/uploads\/2016\/04\/Disco-1.jpg\" rel=\"attachment wp-att-611\"><img aria-describedby=\"caption-attachment-611\" decoding=\"async\" loading=\"lazy\" class=\"wp-image-611 size-full\" src=\"http:\/\/marcosmesa.com\/wp-content\/uploads\/2016\/04\/Disco-1.jpg\" alt=\"Disco en f\u00edsico\" width=\"600\" height=\"403\" srcset=\"http:\/\/marcosmesa.com\/wp-content\/uploads\/2016\/04\/Disco-1.jpg 600w, http:\/\/marcosmesa.com\/wp-content\/uploads\/2016\/04\/Disco-1-300x202.jpg 300w\" sizes=\"(max-width: 600px) 100vw, 600px\" \/><\/a><p id=\"caption-attachment-611\" class=\"wp-caption-text\">Disco en f\u00edsico<\/p><\/div>\n<div id=\"attachment_606\" style=\"width: 410px\" class=\"wp-caption aligncenter\"><a href=\"http:\/\/marcosmesa.com\/wp-content\/uploads\/2016\/04\/image_dise\u00f1o-1.jpg\" rel=\"attachment wp-att-606\"><img aria-describedby=\"caption-attachment-606\" decoding=\"async\" loading=\"lazy\" class=\"wp-image-606 size-full\" src=\"http:\/\/marcosmesa.com\/wp-content\/uploads\/2016\/04\/image_dise\u00f1o-1.jpg\" alt=\"Portada\" width=\"400\" height=\"394\" srcset=\"http:\/\/marcosmesa.com\/wp-content\/uploads\/2016\/04\/image_dise\u00f1o-1.jpg 400w, http:\/\/marcosmesa.com\/wp-content\/uploads\/2016\/04\/image_dise\u00f1o-1-300x296.jpg 300w\" sizes=\"(max-width: 400px) 100vw, 400px\" \/><\/a><p id=\"caption-attachment-606\" class=\"wp-caption-text\">Portada<\/p><\/div>\n<p><a href=\"http:\/\/marcosmesa.com\/wp-content\/uploads\/2016\/04\/portada-disco.jpg\" rel=\"attachment wp-att-607\"><img decoding=\"async\" loading=\"lazy\" class=\"size-full wp-image-607 aligncenter\" src=\"http:\/\/marcosmesa.com\/wp-content\/uploads\/2016\/04\/portada-disco.jpg\" alt=\"Disco en f\u00edsico\" width=\"600\" height=\"400\" srcset=\"http:\/\/marcosmesa.com\/wp-content\/uploads\/2016\/04\/portada-disco.jpg 600w, http:\/\/marcosmesa.com\/wp-content\/uploads\/2016\/04\/portada-disco-300x200.jpg 300w\" sizes=\"(max-width: 600px) 100vw, 600px\" \/><\/a><\/p>\n<\/div>\n<p><\/p>","protected":false},"excerpt":{"rendered":"<p>Projecte de disseny\u00a0i\u00a0Il\u00b7lustraci\u00f3 del disc del grup musical Entertainiment INGENIER\u00cdA CA\u00d1AVERAL. \u00a0\u00a0P\u00e1gina de Entertainiment<\/p>\n","protected":false},"author":1,"featured_media":0,"parent":0,"menu_order":0,"comment_status":"closed","ping_status":"closed","template":"","meta":[],"_links":{"self":[{"href":"http:\/\/marcosmesa.com\/ca\/wp-json\/wp\/v2\/pages\/602"}],"collection":[{"href":"http:\/\/marcosmesa.com\/ca\/wp-json\/wp\/v2\/pages"}],"about":[{"href":"http:\/\/marcosmesa.com\/ca\/wp-json\/wp\/v2\/types\/page"}],"author":[{"embeddable":true,"href":"http:\/\/marcosmesa.com\/ca\/wp-json\/wp\/v2\/users\/1"}],"replies":[{"embeddable":true,"href":"http:\/\/marcosmesa.com\/ca\/wp-json\/wp\/v2\/comments?post=602"}],"version-history":[{"count":8,"href":"http:\/\/marcosmesa.com\/ca\/wp-json\/wp\/v2\/pages\/602\/revisions"}],"predecessor-version":[{"id":833,"href":"http:\/\/marcosmesa.com\/ca\/wp-json\/wp\/v2\/pages\/602\/revisions\/833"}],"wp:attachment":[{"href":"http:\/\/marcosmesa.com\/ca\/wp-json\/wp\/v2\/media?parent=602"}],"curies":[{"name":"wp","href":"https:\/\/api.w.org\/{rel}","templated":true}]}}