{"id":264,"date":"2016-04-10T20:04:31","date_gmt":"2016-04-10T20:04:31","guid":{"rendered":"http:\/\/marcosmesa.com\/?page_id=264"},"modified":"2016-10-19T15:30:36","modified_gmt":"2016-10-19T15:30:36","slug":"exposicion-se-abre-la-veda","status":"publish","type":"page","link":"http:\/\/marcosmesa.com\/es\/exposicion-se-abre-la-veda\/","title":{"rendered":"Exposici\u00f3n se Abre La Veda en la Universidad de Burgos"},"content":{"rendered":"<p><\/p>\n<p class=\"p1\">\u00abSe abre la Veda\u00bb es una exposici\u00f3n de poemas-objeto sobre lienzo\u00a0constituida como una peque\u00f1a aproximaci\u00f3n a un \u201cBestiario con enseres\u201d, un proyecto en el que llevo trabajando durante meses y que, sin duda, con el tiempo ser\u00e1 m\u00e1s extenso de lo que ahora compone esta muestra.<br \/>\nEste \u201cBestiario expositivo\u201d parte de la semilla del pensamiento m\u00e1gico de los hombres del campo, de aquellas familias de anta\u00f1o que se rodeaban de animales amigos con los que trabajaban y de animales da\u00f1inos que se mov\u00edan entre prados, bosques y huertos, a los que tem\u00edan.<\/p>\n<p class=\"p1\">La exposici\u00f3n ofrece un viaje hacia una especial cosmovisi\u00f3n de autor pero abierta a la mirada del espectador en la que los objetos dom\u00e9sticos se convierten en seres por medio del trampantojo y la materia pict\u00f3rica. La fascinaci\u00f3n y la admiraci\u00f3n por la dignidad de los viejos enseres unidos a una visi\u00f3n naturalista \u201ccual antiguos investigadores como Plinio, Linneo&#8230;\u201d termina por conformar un peque\u00f1o mundo, no solo objeto preferente de\u00a0la observaci\u00f3n, sino tambi\u00e9n paradigma del bien y el mal.<\/p>\n<div id=\"attachment_270\" style=\"width: 646px\" class=\"wp-caption alignnone\"><a href=\"http:\/\/marcosmesa.com\/wp-content\/uploads\/2016\/04\/serrrucho-1.jpg\" rel=\"attachment wp-att-270\"><img aria-describedby=\"caption-attachment-270\" decoding=\"async\" loading=\"lazy\" class=\"wp-image-270\" src=\"http:\/\/marcosmesa.com\/wp-content\/uploads\/2016\/04\/serrrucho-1.jpg\" alt=\"serrrucho\" width=\"636\" height=\"390\" \/><\/a><p id=\"caption-attachment-270\" class=\"wp-caption-text\">El hombre-serrucho como paradigma del ser industrial ante la materia.<\/p><\/div>\n<div id=\"attachment_274\" style=\"width: 640px\" class=\"wp-caption alignnone\"><a href=\"http:\/\/marcosmesa.com\/wp-content\/uploads\/2016\/04\/ubu3.jpg\" rel=\"attachment wp-att-274\"><img aria-describedby=\"caption-attachment-274\" decoding=\"async\" loading=\"lazy\" class=\"wp-image-274\" src=\"http:\/\/marcosmesa.com\/wp-content\/uploads\/2016\/04\/ubu3.jpg\" alt=\"ubu3\" width=\"630\" height=\"426\" \/><\/a><p id=\"caption-attachment-274\" class=\"wp-caption-text\">Un Pez-Rastrillo, un animal ficticio perteneciente a la dicotom\u00eda del ser agr\u00edcola o industrial, un lienzo de colecci\u00f3n particular prestado para la exposici\u00f3n. Al lado un poema-homenaje al relato machadiano \u00abLa Tierra de Alvargonz\u00e1lez\u00bb<\/p><\/div>\n<div id=\"attachment_272\" style=\"width: 642px\" class=\"wp-caption alignnone\"><a href=\"http:\/\/marcosmesa.com\/wp-content\/uploads\/2016\/04\/ubu1-1.jpg\" rel=\"attachment wp-att-272\"><img aria-describedby=\"caption-attachment-272\" decoding=\"async\" loading=\"lazy\" class=\"wp-image-272\" src=\"http:\/\/marcosmesa.com\/wp-content\/uploads\/2016\/04\/ubu1-1.jpg\" alt=\"ubu1\" width=\"632\" height=\"473\" \/><\/a><p id=\"caption-attachment-272\" class=\"wp-caption-text\">Piedras voladoras &#8211; Piedras que cambian de lugar seg\u00fan la calidad del terreno y la prosperidad del territorio.<\/p><\/div>\n<div id=\"attachment_271\" style=\"width: 645px\" class=\"wp-caption alignnone\"><a href=\"http:\/\/marcosmesa.com\/wp-content\/uploads\/2016\/04\/sld04-copia-1.jpg\" rel=\"attachment wp-att-271\"><img aria-describedby=\"caption-attachment-271\" decoding=\"async\" loading=\"lazy\" class=\"wp-image-271\" src=\"http:\/\/marcosmesa.com\/wp-content\/uploads\/2016\/04\/sld04-copia-1.jpg\" alt=\"sld04 copia\" width=\"635\" height=\"438\" \/><\/a><p id=\"caption-attachment-271\" class=\"wp-caption-text\">Interruptor para no apagar nunca &#8211; poema-objeto con huesos de roedor<\/p><\/div>\n<p>&nbsp;<\/p>","protected":false},"excerpt":{"rendered":"<p>\u00abSe abre la Veda\u00bb es una exposici\u00f3n de poemas-objeto sobre lienzo\u00a0constituida como una peque\u00f1a aproximaci\u00f3n a un \u201cBestiario con enseres\u201d, un proyecto en el que llevo trabajando durante meses y que, sin duda, con el tiempo ser\u00e1 m\u00e1s extenso de lo que ahora compone esta muestra. Este \u201cBestiario expositivo\u201d parte de la semilla del pensamiento [&hellip;]<\/p>\n","protected":false},"author":1,"featured_media":283,"parent":0,"menu_order":0,"comment_status":"closed","ping_status":"closed","template":"","meta":[],"_links":{"self":[{"href":"http:\/\/marcosmesa.com\/es\/wp-json\/wp\/v2\/pages\/264"}],"collection":[{"href":"http:\/\/marcosmesa.com\/es\/wp-json\/wp\/v2\/pages"}],"about":[{"href":"http:\/\/marcosmesa.com\/es\/wp-json\/wp\/v2\/types\/page"}],"author":[{"embeddable":true,"href":"http:\/\/marcosmesa.com\/es\/wp-json\/wp\/v2\/users\/1"}],"replies":[{"embeddable":true,"href":"http:\/\/marcosmesa.com\/es\/wp-json\/wp\/v2\/comments?post=264"}],"version-history":[{"count":11,"href":"http:\/\/marcosmesa.com\/es\/wp-json\/wp\/v2\/pages\/264\/revisions"}],"predecessor-version":[{"id":812,"href":"http:\/\/marcosmesa.com\/es\/wp-json\/wp\/v2\/pages\/264\/revisions\/812"}],"wp:featuredmedia":[{"embeddable":true,"href":"http:\/\/marcosmesa.com\/es\/wp-json\/wp\/v2\/media\/283"}],"wp:attachment":[{"href":"http:\/\/marcosmesa.com\/es\/wp-json\/wp\/v2\/media?parent=264"}],"curies":[{"name":"wp","href":"https:\/\/api.w.org\/{rel}","templated":true}]}}