{"id":542,"date":"2016-04-12T16:19:09","date_gmt":"2016-04-12T16:19:09","guid":{"rendered":"http:\/\/marcosmesa.com\/?page_id=542"},"modified":"2016-08-14T17:32:39","modified_gmt":"2016-08-14T17:32:39","slug":"munecos-y-esculturas","status":"publish","type":"page","link":"http:\/\/marcosmesa.com\/es\/munecos-y-esculturas\/","title":{"rendered":"Mu\u00f1ecos y esculturas"},"content":{"rendered":"<p><div id=\"attachment_671\" style=\"width: 395px\" class=\"wp-caption aligncenter\"><a href=\"http:\/\/marcosmesa.com\/wp-content\/uploads\/2016\/04\/hotel.jpg\" rel=\"attachment wp-att-671\"><img aria-describedby=\"caption-attachment-671\" decoding=\"async\" loading=\"lazy\" class=\"wp-image-671\" src=\"http:\/\/marcosmesa.com\/wp-content\/uploads\/2016\/04\/hotel.jpg\" alt=\"hotel\" width=\"385\" height=\"488\" \/><\/a><p id=\"caption-attachment-671\" class=\"wp-caption-text\">Fotograf\u00eda con mu\u00f1eco para decoraci\u00f3n de Hotel<\/p><\/div><\/p>\n<p>&nbsp;<\/p>\n<div id=\"attachment_547\" style=\"width: 624px\" class=\"wp-caption aligncenter\"><a href=\"http:\/\/marcosmesa.com\/wp-content\/uploads\/2016\/04\/cata5-2.jpg\" rel=\"attachment wp-att-547\"><img aria-describedby=\"caption-attachment-547\" decoding=\"async\" loading=\"lazy\" class=\"wp-image-547\" src=\"http:\/\/marcosmesa.com\/wp-content\/uploads\/2016\/04\/cata5-2.jpg\" alt=\"esculturas\" width=\"614\" height=\"346\" \/><\/a><p id=\"caption-attachment-547\" class=\"wp-caption-text\">Gran escultura &#8211; Gran guerrero &#8211; Escultura para evento art\u00edstico<\/p><\/div>\n<p>&nbsp;<\/p>\n<div id=\"attachment_481\" style=\"width: 426px\" class=\"wp-caption aligncenter\"><a href=\"http:\/\/marcosmesa.com\/wp-content\/uploads\/2016\/04\/cab.jpg\" rel=\"attachment wp-att-481\"><img aria-describedby=\"caption-attachment-481\" decoding=\"async\" loading=\"lazy\" class=\"wp-image-481\" src=\"http:\/\/marcosmesa.com\/wp-content\/uploads\/2016\/04\/cab.jpg\" alt=\"Escultura en el Cab\" width=\"416\" height=\"284\" \/><\/a><p id=\"caption-attachment-481\" class=\"wp-caption-text\">Escultura preparada en el CAB Burgos en el marco de Tribu Festival<\/p><\/div>\n<p>&nbsp;<\/p>\n<div id=\"attachment_543\" style=\"width: 310px\" class=\"wp-caption aligncenter\"><a href=\"http:\/\/marcosmesa.com\/wp-content\/uploads\/2016\/04\/10420080_10204219003568667_963222319926114904_n-1.jpeg\" rel=\"attachment wp-att-543\"><img aria-describedby=\"caption-attachment-543\" decoding=\"async\" loading=\"lazy\" class=\"wp-image-543\" src=\"http:\/\/marcosmesa.com\/wp-content\/uploads\/2016\/04\/10420080_10204219003568667_963222319926114904_n-1.jpeg\" alt=\"Mu\u00f1eco\" width=\"300\" height=\"327\" \/><\/a><p id=\"caption-attachment-543\" class=\"wp-caption-text\">Mu\u00f1eco &#8211; buscador de tesoros- Col. Particular<\/p><\/div>\n<p>&nbsp;<\/p>\n<div id=\"attachment_331\" style=\"width: 910px\" class=\"wp-caption alignnone\"><a href=\"http:\/\/marcosmesa.com\/wp-content\/uploads\/2016\/04\/GRA6.jpg\" rel=\"attachment wp-att-331\"><img aria-describedby=\"caption-attachment-331\" decoding=\"async\" loading=\"lazy\" class=\"wp-image-331 size-full\" src=\"http:\/\/marcosmesa.com\/wp-content\/uploads\/2016\/04\/GRA6.jpg\" alt=\"Exposici\u00f3n-Cata de vino Granada\" width=\"900\" height=\"544\" srcset=\"http:\/\/marcosmesa.com\/wp-content\/uploads\/2016\/04\/GRA6.jpg 900w, http:\/\/marcosmesa.com\/wp-content\/uploads\/2016\/04\/GRA6-300x181.jpg 300w, http:\/\/marcosmesa.com\/wp-content\/uploads\/2016\/04\/GRA6-768x464.jpg 768w\" sizes=\"(max-width: 900px) 100vw, 900px\" \/><\/a><p id=\"caption-attachment-331\" class=\"wp-caption-text\">Varios mu\u00f1ecos &#8211; Colecciones particulares<\/p><\/div>\n<p>&nbsp;<\/p>\n<div id=\"attachment_546\" style=\"width: 299px\" class=\"wp-caption aligncenter\"><a href=\"http:\/\/marcosmesa.com\/wp-content\/uploads\/2016\/04\/jpg\" rel=\"attachment wp-att-546\"><img aria-describedby=\"caption-attachment-546\" decoding=\"async\" loading=\"lazy\" class=\"wp-image-546\" src=\"http:\/\/marcosmesa.com\/wp-content\/uploads\/2016\/04\/jpg\" alt=\"___\" width=\"289\" height=\"435\" \/><\/a><p id=\"caption-attachment-546\" class=\"wp-caption-text\">Escultura l\u00e1mpara &#8211; Colecci\u00f3n particular<\/p><\/div>\n<p>&nbsp;<\/p>\n<div id=\"attachment_548\" style=\"width: 569px\" class=\"wp-caption aligncenter\"><a href=\"http:\/\/marcosmesa.com\/wp-content\/uploads\/2016\/04\/gra0-1.jpg\" rel=\"attachment wp-att-548\"><img aria-describedby=\"caption-attachment-548\" decoding=\"async\" loading=\"lazy\" class=\"wp-image-548\" src=\"http:\/\/marcosmesa.com\/wp-content\/uploads\/2016\/04\/gra0-1.jpg\" alt=\"escultura en fiesta\" width=\"559\" height=\"604\" \/><\/a><p id=\"caption-attachment-548\" class=\"wp-caption-text\">Escultura l\u00e1mpara &#8211; Colecci\u00f3n particular<\/p><\/div>\n<p>&nbsp;<\/p>\n<div id=\"attachment_545\" style=\"width: 476px\" class=\"wp-caption aligncenter\"><a href=\"http:\/\/marcosmesa.com\/wp-content\/uploads\/2016\/04\/senoras-1.jpg\" rel=\"attachment wp-att-545\"><img aria-describedby=\"caption-attachment-545\" decoding=\"async\" loading=\"lazy\" class=\"wp-image-545\" src=\"http:\/\/marcosmesa.com\/wp-content\/uploads\/2016\/04\/senoras-1.jpg\" alt=\"senoras\" width=\"466\" height=\"350\" \/><\/a><p id=\"caption-attachment-545\" class=\"wp-caption-text\">Se\u00f1oras que hablan &#8211; Plomo y objeto ensamblado &#8211; Colecci\u00f3n particular<\/p><\/div>\n<p>&nbsp;<\/p>\n<div id=\"attachment_549\" style=\"width: 351px\" class=\"wp-caption aligncenter\"><a href=\"http:\/\/marcosmesa.com\/wp-content\/uploads\/2016\/04\/IMG_0086_.jpg\" rel=\"attachment wp-att-549\"><img aria-describedby=\"caption-attachment-549\" decoding=\"async\" loading=\"lazy\" class=\"wp-image-549\" src=\"http:\/\/marcosmesa.com\/wp-content\/uploads\/2016\/04\/IMG_0086_.jpg\" alt=\"esculturas\" width=\"341\" height=\"489\" \/><\/a><p id=\"caption-attachment-549\" class=\"wp-caption-text\">Esculturas l\u00e1mpara &#8211; Colecci\u00f3n particular<\/p><\/div>\n<p>&nbsp;<\/p>\n<p><a href=\"http:\/\/marcosmesa.com\/wp-content\/uploads\/2016\/04\/gra0-1.jpg\" rel=\"attachment wp-att-548\">\u00a0<\/a><\/p>\n<p>&nbsp;<\/p>\n<p>&nbsp;<\/p>","protected":false},"excerpt":{"rendered":"<p>&nbsp; &nbsp; &nbsp; &nbsp; &nbsp; &nbsp; &nbsp; &nbsp; &nbsp; \u00a0 &nbsp; &nbsp;<\/p>\n","protected":false},"author":1,"featured_media":0,"parent":0,"menu_order":0,"comment_status":"closed","ping_status":"closed","template":"","meta":[],"_links":{"self":[{"href":"http:\/\/marcosmesa.com\/es\/wp-json\/wp\/v2\/pages\/542"}],"collection":[{"href":"http:\/\/marcosmesa.com\/es\/wp-json\/wp\/v2\/pages"}],"about":[{"href":"http:\/\/marcosmesa.com\/es\/wp-json\/wp\/v2\/types\/page"}],"author":[{"embeddable":true,"href":"http:\/\/marcosmesa.com\/es\/wp-json\/wp\/v2\/users\/1"}],"replies":[{"embeddable":true,"href":"http:\/\/marcosmesa.com\/es\/wp-json\/wp\/v2\/comments?post=542"}],"version-history":[{"count":7,"href":"http:\/\/marcosmesa.com\/es\/wp-json\/wp\/v2\/pages\/542\/revisions"}],"predecessor-version":[{"id":798,"href":"http:\/\/marcosmesa.com\/es\/wp-json\/wp\/v2\/pages\/542\/revisions\/798"}],"wp:attachment":[{"href":"http:\/\/marcosmesa.com\/es\/wp-json\/wp\/v2\/media?parent=542"}],"curies":[{"name":"wp","href":"https:\/\/api.w.org\/{rel}","templated":true}]}}